{"id":31,"date":"2009-05-10T22:54:39","date_gmt":"2009-05-10T20:54:39","guid":{"rendered":"http:\/\/vierhufe.ch\/wordpress\/?page_id=31"},"modified":"2014-05-18T20:32:03","modified_gmt":"2014-05-18T18:32:03","slug":"unterricht","status":"publish","type":"page","link":"https:\/\/vierhufe.ch\/wordpress\/?page_id=31","title":{"rendered":"Unterricht"},"content":{"rendered":"<p><strong>Reiten<\/strong><\/p>\n<p><a href=\"http:\/\/vierhufe.ch\/wordpress\/wp-content\/uploads\/2013\/07\/DSC_4330.jpg\"><img loading=\"lazy\" decoding=\"async\" class=\"alignnone wp-image-234 size-thumbnail\" src=\"http:\/\/vierhufe.ch\/wordpress\/wp-content\/uploads\/2013\/07\/DSC_4330-150x150.jpg\" alt=\"DSC_4330\" width=\"150\" height=\"150\" \/><\/a><\/p>\n<p>Beim Reitunterricht geht es mir in erster Linie darum, Reiter und Pferd da abzuholen, wo sie gerade stehen, und sie ihren W\u00fcnschen entsprechend zu f\u00f6rdern. Dabei spielt die Gesundheit und das Wohlbefinden des Pferdes eine grosse Rolle. Ich nehme R\u00fccksicht auf den Ausbildungsstand des Paares und f\u00fchre beide Schritt f\u00fcr Schritt an neue Aufgaben heran. Wichtig ist mir auch, dass der Reiter eine Vorstellung davon hat, was er mit seinem Pferd erreichen m\u00f6chte bzw. was sein (realistisches) Ziel ist.<\/p>\n<p><strong>Longieren<\/strong><\/p>\n<p><a href=\"http:\/\/vierhufe.ch\/wordpress\/wp-content\/uploads\/2013\/07\/20130731_202707_01.jpg\"><img loading=\"lazy\" decoding=\"async\" class=\"alignnone wp-image-240 size-thumbnail\" src=\"http:\/\/vierhufe.ch\/wordpress\/wp-content\/uploads\/2013\/07\/20130731_202707_01-150x150.jpg\" alt=\"20130731_202707_01\" width=\"150\" height=\"150\" \/><\/a><\/p>\n<p>Dass Longieren mehr als ein stupides &#8222;im Kreis herum rennen&#8220; ist,\u00a0 sollte eigentlich mittlerweilen vielen Pferdeleuten bekannt sein. Dass sinnvolles und gymnastizierendes Longieren aber gar nicht so einfach ist, haben wahrscheinlich auch schon einige bemerkt \ud83d\ude09 . Ich kann ihnen einen Weg aufzeigen, wie sie Ihr Pferd abwechslungsreich bewegen k\u00f6nnen, es l\u00f6sen, lockern und ihm ein angenehmes K\u00f6rpergef\u00fchl vermitteln k\u00f6nnen.<\/p>\n<p><strong>Handarbeit<\/strong><\/p>\n<p><a href=\"http:\/\/vierhufe.ch\/wordpress\/wp-content\/uploads\/2009\/05\/piaffehand.jpg\"><img loading=\"lazy\" decoding=\"async\" class=\"alignnone size-thumbnail wp-image-113\" title=\"piaffehand\" src=\"http:\/\/vierhufe.ch\/wordpress\/wp-content\/uploads\/2009\/05\/piaffehand-150x150.jpg\" alt=\"piaffehand\" width=\"150\" height=\"150\" \/><\/a><a href=\"http:\/\/vierhufe.ch\/wordpress\/wp-content\/uploads\/2013\/07\/20130731_202553_01.jpg\"><img loading=\"lazy\" decoding=\"async\" class=\"alignnone wp-image-238 size-thumbnail\" src=\"http:\/\/vierhufe.ch\/wordpress\/wp-content\/uploads\/2013\/07\/20130731_202553_01-150x150.jpg\" alt=\"20130731_202553_01\" width=\"150\" height=\"150\" \/><\/a><\/p>\n<p>Handarbeit ist eine klassische Methode, wie unsere Pferde ohne belastendes Reitergewicht vom Boden aus gymnastiziert werden k\u00f6nnen. Seiteng\u00e4nge k\u00f6nnen so wunderbar aufgebaut werden, und das Pferd lernt so unbelastet die ungewohnten Bewegungsabl\u00e4ufe zu koordinieren. Das Pferd kann durch Handarbeit wunderbar gel\u00f6st und geschmeidig gemacht werden und sie bringt auch Abwechslung\u00a0 in den Pferdealltag.<\/p>\n<p><strong>Bodenarbeit (T.T.E.A.M)<\/strong><\/p>\n<p><a href=\"http:\/\/vierhufe.ch\/wordpress\/wp-content\/uploads\/2009\/05\/20140417_144540.jpg\"><img loading=\"lazy\" decoding=\"async\" class=\"alignnone wp-image-214 size-thumbnail\" src=\"http:\/\/vierhufe.ch\/wordpress\/wp-content\/uploads\/2009\/05\/20140417_144540-150x150.jpg\" alt=\"20140417_144540\" width=\"150\" height=\"150\" \/><\/a><a href=\"http:\/\/vierhufe.ch\/wordpress\/wp-content\/uploads\/2009\/05\/IMG_6839.jpg\"><img loading=\"lazy\" decoding=\"async\" class=\"alignnone wp-image-222 size-thumbnail\" src=\"http:\/\/vierhufe.ch\/wordpress\/wp-content\/uploads\/2009\/05\/IMG_6839-150x150.jpg\" alt=\"IMG_6839\" width=\"150\" height=\"150\" \/><\/a><\/p>\n<p>Ich kann Ihnen zeigen, wie sie ihr Pferd sinnvoll vom Boden aus besch\u00e4ftigen k\u00f6nnen und wie Sie es stets motiviert und aufmerksam f\u00fcr neue Aufgaben gewinnen k\u00f6nnen. Es lernt, bei der Arbeit mit Stangen, seine Beine zu sortieren und bekommt gleichzeitig ein besseres Gef\u00fchl f\u00fcr seinen K\u00f6rper. Ich arbeite mit verschiedenen Methoden, wie z.B. der T.T.E.A.M. Methode von Linda Tellington-Jones oder dem Clicker-Training.<\/p>\n","protected":false},"excerpt":{"rendered":"<p>Reiten Beim Reitunterricht geht es mir in erster Linie darum, Reiter und Pferd da abzuholen, wo sie gerade stehen, und sie ihren W\u00fcnschen entsprechend zu f\u00f6rdern. Dabei spielt die Gesundheit und das Wohlbefinden des Pferdes eine grosse Rolle. Ich nehme R\u00fccksicht auf den Ausbildungsstand des Paares und f\u00fchre beide Schritt f\u00fcr Schritt an neue Aufgaben [&hellip;]<\/p>\n","protected":false},"author":2,"featured_media":0,"parent":0,"menu_order":0,"comment_status":"open","ping_status":"open","template":"","meta":{"footnotes":""},"_links":{"self":[{"href":"https:\/\/vierhufe.ch\/wordpress\/index.php?rest_route=\/wp\/v2\/pages\/31"}],"collection":[{"href":"https:\/\/vierhufe.ch\/wordpress\/index.php?rest_route=\/wp\/v2\/pages"}],"about":[{"href":"https:\/\/vierhufe.ch\/wordpress\/index.php?rest_route=\/wp\/v2\/types\/page"}],"author":[{"embeddable":true,"href":"https:\/\/vierhufe.ch\/wordpress\/index.php?rest_route=\/wp\/v2\/users\/2"}],"replies":[{"embeddable":true,"href":"https:\/\/vierhufe.ch\/wordpress\/index.php?rest_route=%2Fwp%2Fv2%2Fcomments&post=31"}],"version-history":[{"count":6,"href":"https:\/\/vierhufe.ch\/wordpress\/index.php?rest_route=\/wp\/v2\/pages\/31\/revisions"}],"predecessor-version":[{"id":245,"href":"https:\/\/vierhufe.ch\/wordpress\/index.php?rest_route=\/wp\/v2\/pages\/31\/revisions\/245"}],"wp:attachment":[{"href":"https:\/\/vierhufe.ch\/wordpress\/index.php?rest_route=%2Fwp%2Fv2%2Fmedia&parent=31"}],"curies":[{"name":"wp","href":"https:\/\/api.w.org\/{rel}","templated":true}]}}