{"id":29,"date":"2009-05-10T22:28:54","date_gmt":"2009-05-10T20:28:54","guid":{"rendered":"http:\/\/vierhufe.ch\/wordpress\/?page_id=29"},"modified":"2016-01-09T23:31:33","modified_gmt":"2016-01-09T21:31:33","slug":"pferdeausbildung","status":"publish","type":"page","link":"https:\/\/vierhufe.ch\/wordpress\/?page_id=29","title":{"rendered":"Pferdeausbildung"},"content":{"rendered":"<p>In userem Stall sind immer wieder Pl\u00e4tze f\u00fcr Ausbildungspferde frei. Wer seinem Pferd (und je nach Wunsch auch sich selber) eine intensive Trainingsphase g\u00f6nnen m\u00f6chte, ist bei uns genau richtig. Die Pferde kommen in grossz\u00fcgigen Boxen mit Auslauf und direktem Weidezugang unter und werden individuell betreut. Der Trainingsplan wird gemeinsam mit dem Pferdebesitzer erstellt und kann auch w\u00e4hrend der Ausbildung angepasst werden. Falls sie Interesse an einem Ausbildungsplatz haben, nehmen sie bitte mit mir Kontakt auf.<\/p>\n<p>Selbstverst\u00e4ndlich komme ich auch f\u00fcr den Beritt zu Ihrem Pferd in den Stall.<\/p>\n<p><a href=\"http:\/\/vierhufe.ch\/wordpress\/wp-content\/uploads\/2009\/05\/20140421_113948-1.jpg\"><img loading=\"lazy\" decoding=\"async\" class=\"alignnone wp-image-216 size-thumbnail\" src=\"http:\/\/vierhufe.ch\/wordpress\/wp-content\/uploads\/2009\/05\/20140421_113948-1-150x150.jpg\" alt=\"20140421_113948-1\" width=\"150\" height=\"150\" \/><\/a><a href=\"http:\/\/vierhufe.ch\/wordpress\/wp-content\/uploads\/2013\/07\/DSC_4352.jpg\"><img loading=\"lazy\" decoding=\"async\" class=\"alignnone wp-image-235 size-thumbnail\" src=\"http:\/\/vierhufe.ch\/wordpress\/wp-content\/uploads\/2013\/07\/DSC_4352-150x150.jpg\" alt=\"DSC_4352\" width=\"150\" height=\"150\" \/><\/a><a href=\"http:\/\/vierhufe.ch\/wordpress\/wp-content\/uploads\/2013\/07\/20130731_202557_01.jpg\"><img loading=\"lazy\" decoding=\"async\" class=\"alignnone wp-image-239 size-thumbnail\" src=\"http:\/\/vierhufe.ch\/wordpress\/wp-content\/uploads\/2013\/07\/20130731_202557_01-150x150.jpg\" alt=\"20130731_202557_01\" width=\"150\" height=\"150\" \/><\/a><a href=\"http:\/\/vierhufe.ch\/wordpress\/wp-content\/uploads\/2013\/07\/20130731_202707_01.jpg\"><img loading=\"lazy\" decoding=\"async\" class=\"alignnone wp-image-240 size-thumbnail\" src=\"http:\/\/vierhufe.ch\/wordpress\/wp-content\/uploads\/2013\/07\/20130731_202707_01-150x150.jpg\" alt=\"20130731_202707_01\" width=\"150\" height=\"150\" \/><\/a><a href=\"http:\/\/vierhufe.ch\/wordpress\/wp-content\/uploads\/2009\/05\/IMG_4074.jpg\"><img loading=\"lazy\" decoding=\"async\" class=\"alignnone size-medium wp-image-254\" src=\"http:\/\/vierhufe.ch\/wordpress\/wp-content\/uploads\/2009\/05\/IMG_4074-300x200.jpg\" alt=\"IMG_4074\" width=\"300\" height=\"200\" srcset=\"https:\/\/vierhufe.ch\/wordpress\/wp-content\/uploads\/2009\/05\/IMG_4074-300x200.jpg 300w, https:\/\/vierhufe.ch\/wordpress\/wp-content\/uploads\/2009\/05\/IMG_4074-1024x683.jpg 1024w\" sizes=\"(max-width: 300px) 100vw, 300px\" \/><\/a><a href=\"http:\/\/vierhufe.ch\/wordpress\/wp-content\/uploads\/2009\/05\/IMG_4156.jpg\"><img loading=\"lazy\" decoding=\"async\" class=\"alignnone size-medium wp-image-256\" src=\"http:\/\/vierhufe.ch\/wordpress\/wp-content\/uploads\/2009\/05\/IMG_4156-300x200.jpg\" alt=\"IMG_4156\" width=\"300\" height=\"200\" srcset=\"https:\/\/vierhufe.ch\/wordpress\/wp-content\/uploads\/2009\/05\/IMG_4156-300x200.jpg 300w, https:\/\/vierhufe.ch\/wordpress\/wp-content\/uploads\/2009\/05\/IMG_4156-1024x683.jpg 1024w\" sizes=\"(max-width: 300px) 100vw, 300px\" \/><\/a><\/p>\n","protected":false},"excerpt":{"rendered":"<p>In userem Stall sind immer wieder Pl\u00e4tze f\u00fcr Ausbildungspferde frei. Wer seinem Pferd (und je nach Wunsch auch sich selber) eine intensive Trainingsphase g\u00f6nnen m\u00f6chte, ist bei uns genau richtig. Die Pferde kommen in grossz\u00fcgigen Boxen mit Auslauf und direktem Weidezugang unter und werden individuell betreut. Der Trainingsplan wird gemeinsam mit dem Pferdebesitzer erstellt und [&hellip;]<\/p>\n","protected":false},"author":2,"featured_media":0,"parent":0,"menu_order":0,"comment_status":"open","ping_status":"open","template":"","meta":{"footnotes":""},"_links":{"self":[{"href":"https:\/\/vierhufe.ch\/wordpress\/index.php?rest_route=\/wp\/v2\/pages\/29"}],"collection":[{"href":"https:\/\/vierhufe.ch\/wordpress\/index.php?rest_route=\/wp\/v2\/pages"}],"about":[{"href":"https:\/\/vierhufe.ch\/wordpress\/index.php?rest_route=\/wp\/v2\/types\/page"}],"author":[{"embeddable":true,"href":"https:\/\/vierhufe.ch\/wordpress\/index.php?rest_route=\/wp\/v2\/users\/2"}],"replies":[{"embeddable":true,"href":"https:\/\/vierhufe.ch\/wordpress\/index.php?rest_route=%2Fwp%2Fv2%2Fcomments&post=29"}],"version-history":[{"count":9,"href":"https:\/\/vierhufe.ch\/wordpress\/index.php?rest_route=\/wp\/v2\/pages\/29\/revisions"}],"predecessor-version":[{"id":257,"href":"https:\/\/vierhufe.ch\/wordpress\/index.php?rest_route=\/wp\/v2\/pages\/29\/revisions\/257"}],"wp:attachment":[{"href":"https:\/\/vierhufe.ch\/wordpress\/index.php?rest_route=%2Fwp%2Fv2%2Fmedia&parent=29"}],"curies":[{"name":"wp","href":"https:\/\/api.w.org\/{rel}","templated":true}]}}