{"id":2,"date":"2009-05-06T22:56:22","date_gmt":"2009-05-06T20:56:22","guid":{"rendered":"http:\/\/vierhufe.ch\/wordpress\/?page_id=2"},"modified":"2016-01-09T20:02:13","modified_gmt":"2016-01-09T18:02:13","slug":"ueber-mich","status":"publish","type":"page","link":"https:\/\/vierhufe.ch\/wordpress\/?page_id=2","title":{"rendered":"Pensionsstall"},"content":{"rendered":"<p>Am Stadtrand von Uster bewohnen unsere Pferde auf einem idyllisch gelegenen Bauernhof einen kleinen Selbstversorger-Offenstall.<\/p>\n<p><strong>Stall<\/strong><\/p>\n<p>Unsere Pferde bewohnen einen durchdachten Offenstall mit einem grossen Liegebereich, welcher mit Leinenstroh eingestreut ist und von den Pferden ausgiebig in Anspruch genommen wird.<\/p>\n<p>Der Auslaufboden besteht zur H\u00e4lfte aus befestigtem Kies und zur anderen H\u00e4lfte aus Naturboden (Wiese). Auf dem Naturboden schlafen die Pferde im Sommer sehr gerne.<\/p>\n<p>Ein kleinerer Bereich mit Holzschnitzeln l\u00e4dt zum W\u00e4lzen, &#8222;Mittagspf\u00fcsi&#8220; an der Sonne und auch als Pinkelecke ein.<\/p>\n<p>Die verschiedenen Bodenoberfl\u00e4chen tun unseren Barhufern sehr gut ;-).<\/p>\n<p><strong>Futter<\/strong><\/p>\n<p>Unsere Pferde haben fast 24h am Tag Heu zur Verf\u00fcgung. Dadurch sind sie lange Zeit mit Fressen besch\u00e4ftigt, kennen so fast keinen Futterneid mehr und sind total ruhig und ausgeglichen in der Gruppe. Das Heu bekommen die Pferde in engmaschigen Grossraumheunetzen, was nochmal zu einer l\u00e4ngere Besch\u00e4ftigung f\u00fchrt. Diese Art der F\u00fctterung kommt der nat\u00fcrlichen Form der Nahrungsaufnahme von Pferden sehr nahe.<\/p>\n<p><a href=\"http:\/\/vierhufe.ch\/wordpress\/wp-content\/uploads\/2009\/05\/20140414_162439.jpg\"><img loading=\"lazy\" decoding=\"async\" class=\"alignnone wp-image-212 size-thumbnail\" src=\"http:\/\/vierhufe.ch\/wordpress\/wp-content\/uploads\/2009\/05\/20140414_162439-150x150.jpg\" alt=\"20140414_162439\" width=\"150\" height=\"150\" \/><\/a><\/p>\n<p>Zu unserem Stall geh\u00f6ren gut 2ha Weideland, das zum Teil von K\u00fchen wechselbeweidet wird. So oft wie m\u00f6glich kommen die Pferde auf&#8217;s Gr\u00fcne. Im Sommer bei hohem Insektendruck sind die Weiden 24h offen, so dass die Pferde selber entscheiden k\u00f6nnen, wann sie Gras fressen und wann sie lieber im k\u00fchlen Stall d\u00f6sen m\u00f6chten.<\/p>\n<p><a href=\"http:\/\/vierhufe.ch\/wordpress\/wp-content\/uploads\/2009\/05\/20140130_124553.jpg\"><img loading=\"lazy\" decoding=\"async\" class=\"alignnone wp-image-210 size-thumbnail\" src=\"http:\/\/vierhufe.ch\/wordpress\/wp-content\/uploads\/2009\/05\/20140130_124553-150x150.jpg\" alt=\"20140130_124553\" width=\"150\" height=\"150\" \/><\/a><\/p>\n","protected":false},"excerpt":{"rendered":"<p>Am Stadtrand von Uster bewohnen unsere Pferde auf einem idyllisch gelegenen Bauernhof einen kleinen Selbstversorger-Offenstall. Stall Unsere Pferde bewohnen einen durchdachten Offenstall mit einem grossen Liegebereich, welcher mit Leinenstroh eingestreut ist und von den Pferden ausgiebig in Anspruch genommen wird. Der Auslaufboden besteht zur H\u00e4lfte aus befestigtem Kies und zur anderen H\u00e4lfte aus Naturboden (Wiese). [&hellip;]<\/p>\n","protected":false},"author":2,"featured_media":0,"parent":0,"menu_order":0,"comment_status":"open","ping_status":"open","template":"","meta":{"footnotes":""},"_links":{"self":[{"href":"https:\/\/vierhufe.ch\/wordpress\/index.php?rest_route=\/wp\/v2\/pages\/2"}],"collection":[{"href":"https:\/\/vierhufe.ch\/wordpress\/index.php?rest_route=\/wp\/v2\/pages"}],"about":[{"href":"https:\/\/vierhufe.ch\/wordpress\/index.php?rest_route=\/wp\/v2\/types\/page"}],"author":[{"embeddable":true,"href":"https:\/\/vierhufe.ch\/wordpress\/index.php?rest_route=\/wp\/v2\/users\/2"}],"replies":[{"embeddable":true,"href":"https:\/\/vierhufe.ch\/wordpress\/index.php?rest_route=%2Fwp%2Fv2%2Fcomments&post=2"}],"version-history":[{"count":13,"href":"https:\/\/vierhufe.ch\/wordpress\/index.php?rest_route=\/wp\/v2\/pages\/2\/revisions"}],"predecessor-version":[{"id":246,"href":"https:\/\/vierhufe.ch\/wordpress\/index.php?rest_route=\/wp\/v2\/pages\/2\/revisions\/246"}],"wp:attachment":[{"href":"https:\/\/vierhufe.ch\/wordpress\/index.php?rest_route=%2Fwp%2Fv2%2Fmedia&parent=2"}],"curies":[{"name":"wp","href":"https:\/\/api.w.org\/{rel}","templated":true}]}}